{"id":33,"date":"2019-09-30T12:26:44","date_gmt":"2019-09-30T12:26:44","guid":{"rendered":"http:\/\/efoeb.de\/?page_id=33"},"modified":"2025-12-08T08:58:21","modified_gmt":"2025-12-08T08:58:21","slug":"seite3","status":"publish","type":"page","link":"http:\/\/efoeb.de\/?page_id=33","title":{"rendered":"Formulare"},"content":{"rendered":"\n<p>Auf diesen Seiten finden sie Formulare rund um die erg\u00e4nzende F\u00f6rderung und Betreuung (Hort-Wilhelmino).<\/p>\n\n\n\n<p class=\"has-cyan-bluish-gray-background-color has-background\"><strong>Ferienanmeldung Wilhelmino<\/strong> (sp\u00e4t. einen Monat vor der Betreuungszeit)<\/p>\n\n\n\n<p><strong>B<a rel=\"noreferrer noopener\" href=\"http:\/\/efoeb.de\/wp-content\/uploads\/2020\/05\/Notbetreuungsanmeldung_Sommer2020.pdf\" target=\"_blank\">e<\/a><a rel=\"noreferrer noopener\" href=\"http:\/\/efoeb.de\/wp-content\/uploads\/2020\/11\/Notbetreuungsanmeldung.pdf\" target=\"_blank\">treung in den Schlie\u00dfzeiten an einer anderen Schule<\/a><\/strong><\/p>\n\n\n\n<p class=\"has-cyan-bluish-gray-background-color has-background\">eF\u00f6B-Vertrag<\/p>\n\n\n\n<p><strong><a href=\"http:\/\/efoeb.de\/wp-content\/uploads\/2025\/12\/Antrag_eFoeB_OGB_01.10.25.pdf\" target=\"_blank\" rel=\"noreferrer noopener\">Vertrag f\u00fcr die erg\u00e4ndende F\u00f6rderung und Betreuung (Hort- Wilhelmino)<\/a><\/strong><\/p>\n\n\n\n<p><\/p>\n","protected":false},"excerpt":{"rendered":"<p>Auf diesen Seiten finden sie Formulare rund um die erg\u00e4nzende F\u00f6rderung und Betreuung (Hort-Wilhelmino). Ferienanmeldung Wilhelmino (sp\u00e4t. einen Monat vor der Betreuungszeit) Betreung in den Schlie\u00dfzeiten an einer anderen Schule eF\u00f6B-Vertrag Vertrag f\u00fcr die erg\u00e4ndende F\u00f6rderung und Betreuung (Hort- Wilhelmino)<\/p>\n","protected":false},"author":1,"featured_media":0,"parent":0,"menu_order":0,"comment_status":"closed","ping_status":"closed","template":"","meta":{"footnotes":""},"class_list":["post-33","page","type-page","status-publish","hentry"],"_links":{"self":[{"href":"http:\/\/efoeb.de\/index.php?rest_route=\/wp\/v2\/pages\/33","targetHints":{"allow":["GET"]}}],"collection":[{"href":"http:\/\/efoeb.de\/index.php?rest_route=\/wp\/v2\/pages"}],"about":[{"href":"http:\/\/efoeb.de\/index.php?rest_route=\/wp\/v2\/types\/page"}],"author":[{"embeddable":true,"href":"http:\/\/efoeb.de\/index.php?rest_route=\/wp\/v2\/users\/1"}],"replies":[{"embeddable":true,"href":"http:\/\/efoeb.de\/index.php?rest_route=%2Fwp%2Fv2%2Fcomments&post=33"}],"version-history":[{"count":46,"href":"http:\/\/efoeb.de\/index.php?rest_route=\/wp\/v2\/pages\/33\/revisions"}],"predecessor-version":[{"id":672,"href":"http:\/\/efoeb.de\/index.php?rest_route=\/wp\/v2\/pages\/33\/revisions\/672"}],"wp:attachment":[{"href":"http:\/\/efoeb.de\/index.php?rest_route=%2Fwp%2Fv2%2Fmedia&parent=33"}],"curies":[{"name":"wp","href":"https:\/\/api.w.org\/{rel}","templated":true}]}}